{"id":1267,"date":"2022-11-16T18:42:56","date_gmt":"2022-11-16T18:42:56","guid":{"rendered":"https:\/\/rawcenter.es\/?page_id=1267"},"modified":"2022-11-24T19:34:43","modified_gmt":"2022-11-24T19:34:43","slug":"entrenamiento","status":"publish","type":"page","link":"https:\/\/rawcenter.es\/?page_id=1267","title":{"rendered":"ENTRENAMIENTO"},"content":{"rendered":"\t\t<div data-elementor-type=\"wp-page\" data-elementor-id=\"1267\" class=\"elementor elementor-1267\">\n\t\t\t\t\t\t\t\t\t<section class=\"elementor-section elementor-top-section elementor-element elementor-element-1131f3cd elementor-section-content-middle elementor-section-boxed elementor-section-height-default elementor-section-height-default\" data-id=\"1131f3cd\" data-element_type=\"section\">\n\t\t\t\t\t\t<div class=\"elementor-container elementor-column-gap-no\">\n\t\t\t\t\t<div class=\"elementor-column elementor-col-100 elementor-top-column elementor-element elementor-element-4f39afa8\" data-id=\"4f39afa8\" data-element_type=\"column\">\n\t\t\t<div class=\"elementor-widget-wrap elementor-element-populated\">\n\t\t\t\t\t\t\t\t<section class=\"elementor-section elementor-inner-section elementor-element elementor-element-27f3c887 elementor-section-boxed elementor-section-height-default elementor-section-height-default\" data-id=\"27f3c887\" data-element_type=\"section\">\n\t\t\t\t\t\t<div class=\"elementor-container elementor-column-gap-wider\">\n\t\t\t\t\t<div class=\"elementor-column elementor-col-33 elementor-inner-column elementor-element elementor-element-6216856c\" data-id=\"6216856c\" data-element_type=\"column\">\n\t\t\t<div class=\"elementor-widget-wrap elementor-element-populated\">\n\t\t\t\t\t\t\t\t<div class=\"elementor-element elementor-element-2b66acee elementor-view-stacked elementor-shape-circle elementor-mobile-position-top elementor-vertical-align-top elementor-widget elementor-widget-icon-box\" data-id=\"2b66acee\" data-element_type=\"widget\" data-widget_type=\"icon-box.default\">\n\t\t\t\t<div class=\"elementor-widget-container\">\n\t\t\t<link rel=\"stylesheet\" href=\"https:\/\/rawcenter.es\/wp-content\/plugins\/elementor\/assets\/css\/widget-icon-box.min.css\">\t\t<div class=\"elementor-icon-box-wrapper\">\n\t\t\t\t\t\t<div class=\"elementor-icon-box-icon\">\n\t\t\t\t<a class=\"elementor-icon elementor-animation-grow\" href=\"https:\/\/rawcenter.es\/?page_id=1267&#038;preview_id=1267&#038;preview_nonce=b52723ae8b&#038;preview=true#gruposreducidos\">\n\t\t\t\t<i aria-hidden=\"true\" class=\"fas fa-users\"><\/i>\t\t\t\t<\/a>\n\t\t\t<\/div>\n\t\t\t\t\t\t<div class=\"elementor-icon-box-content\">\n\t\t\t\t<h3 class=\"elementor-icon-box-title\">\n\t\t\t\t\t<a href=\"https:\/\/rawcenter.es\/?page_id=1267&#038;preview_id=1267&#038;preview_nonce=b52723ae8b&#038;preview=true#gruposreducidos\" >\n\t\t\t\t\t\tEntrenamiento en grupos reducidos\t\t\t\t\t<\/a>\n\t\t\t\t<\/h3>\n\t\t\t\t\t\t\t<\/div>\n\t\t<\/div>\n\t\t\t\t<\/div>\n\t\t\t\t<\/div>\n\t\t\t\t\t<\/div>\n\t\t<\/div>\n\t\t\t\t<div class=\"elementor-column elementor-col-33 elementor-inner-column elementor-element elementor-element-13690f73\" data-id=\"13690f73\" data-element_type=\"column\">\n\t\t\t<div class=\"elementor-widget-wrap elementor-element-populated\">\n\t\t\t\t\t\t\t\t<div class=\"elementor-element elementor-element-2c72367a elementor-view-stacked elementor-shape-circle elementor-mobile-position-top elementor-vertical-align-top elementor-widget elementor-widget-icon-box\" data-id=\"2c72367a\" data-element_type=\"widget\" data-widget_type=\"icon-box.default\">\n\t\t\t\t<div class=\"elementor-widget-container\">\n\t\t\t\t\t<div class=\"elementor-icon-box-wrapper\">\n\t\t\t\t\t\t<div class=\"elementor-icon-box-icon\">\n\t\t\t\t<a class=\"elementor-icon elementor-animation-grow\" href=\"https:\/\/rawcenter.es\/?page_id=1267&#038;preview_id=1267&#038;preview_nonce=b52723ae8b&#038;preview=true#entrenamientopersonal\">\n\t\t\t\t<i aria-hidden=\"true\" class=\"fas fa-user\"><\/i>\t\t\t\t<\/a>\n\t\t\t<\/div>\n\t\t\t\t\t\t<div class=\"elementor-icon-box-content\">\n\t\t\t\t<h3 class=\"elementor-icon-box-title\">\n\t\t\t\t\t<a href=\"https:\/\/rawcenter.es\/?page_id=1267&#038;preview_id=1267&#038;preview_nonce=b52723ae8b&#038;preview=true#entrenamientopersonal\" >\n\t\t\t\t\t\tEntrenamiento personal\t\t\t\t\t<\/a>\n\t\t\t\t<\/h3>\n\t\t\t\t\t\t\t<\/div>\n\t\t<\/div>\n\t\t\t\t<\/div>\n\t\t\t\t<\/div>\n\t\t\t\t\t<\/div>\n\t\t<\/div>\n\t\t\t\t<div class=\"elementor-column elementor-col-33 elementor-inner-column elementor-element elementor-element-7f374c7a\" data-id=\"7f374c7a\" data-element_type=\"column\">\n\t\t\t<div class=\"elementor-widget-wrap elementor-element-populated\">\n\t\t\t\t\t\t\t\t<div class=\"elementor-element elementor-element-66bd736f elementor-view-stacked elementor-shape-circle elementor-mobile-position-top elementor-vertical-align-top elementor-widget elementor-widget-icon-box\" data-id=\"66bd736f\" data-element_type=\"widget\" data-widget_type=\"icon-box.default\">\n\t\t\t\t<div class=\"elementor-widget-container\">\n\t\t\t\t\t<div class=\"elementor-icon-box-wrapper\">\n\t\t\t\t\t\t<div class=\"elementor-icon-box-icon\">\n\t\t\t\t<a class=\"elementor-icon elementor-animation-grow\" href=\"https:\/\/rawcenter.es\/?page_id=1267&#038;preview_id=1267&#038;preview_nonce=b52723ae8b&#038;preview=true#entrenamientodomicilio\">\n\t\t\t\t<i aria-hidden=\"true\" class=\"fas fa-home\"><\/i>\t\t\t\t<\/a>\n\t\t\t<\/div>\n\t\t\t\t\t\t<div class=\"elementor-icon-box-content\">\n\t\t\t\t<h3 class=\"elementor-icon-box-title\">\n\t\t\t\t\t<a href=\"https:\/\/rawcenter.es\/?page_id=1267&#038;preview_id=1267&#038;preview_nonce=b52723ae8b&#038;preview=true#entrenamientodomicilio\" >\n\t\t\t\t\t\tEntrenamiento a domicilio\t\t\t\t\t<\/a>\n\t\t\t\t<\/h3>\n\t\t\t\t\t\t\t<\/div>\n\t\t<\/div>\n\t\t\t\t<\/div>\n\t\t\t\t<\/div>\n\t\t\t\t\t<\/div>\n\t\t<\/div>\n\t\t\t\t\t\t\t<\/div>\n\t\t<\/section>\n\t\t\t\t\t<\/div>\n\t\t<\/div>\n\t\t\t\t\t\t\t<\/div>\n\t\t<\/section>\n\t\t\t\t<section class=\"elementor-section elementor-top-section elementor-element elementor-element-7189341e elementor-section-content-middle elementor-section-boxed elementor-section-height-default elementor-section-height-default\" data-id=\"7189341e\" data-element_type=\"section\" id=\"gruposreducidos\" data-settings=\"{&quot;background_background&quot;:&quot;classic&quot;}\">\n\t\t\t\t\t\t<div class=\"elementor-container elementor-column-gap-no\">\n\t\t\t\t\t<div class=\"elementor-column elementor-col-50 elementor-top-column elementor-element elementor-element-4a6b625f\" data-id=\"4a6b625f\" data-element_type=\"column\">\n\t\t\t<div class=\"elementor-widget-wrap elementor-element-populated\">\n\t\t\t\t\t\t\t\t<div class=\"elementor-element elementor-element-1b418ead elementor-widget elementor-widget-image\" data-id=\"1b418ead\" data-element_type=\"widget\" data-widget_type=\"image.default\">\n\t\t\t\t<div class=\"elementor-widget-container\">\n\t\t\t<style>\/*! elementor - v3.8.0 - 30-10-2022 *\/\n.elementor-widget-image{text-align:center}.elementor-widget-image a{display:inline-block}.elementor-widget-image a img[src$=\".svg\"]{width:48px}.elementor-widget-image img{vertical-align:middle;display:inline-block}<\/style>\t\t\t\t\t\t\t\t\t\t\t\t<img width=\"1920\" height=\"2560\" src=\"https:\/\/rawcenter.es\/wp-content\/uploads\/2022\/11\/IMG_8850-scaled.jpg\" class=\"attachment-full size-full\" alt=\"\" loading=\"lazy\" srcset=\"https:\/\/rawcenter.es\/wp-content\/uploads\/2022\/11\/IMG_8850-scaled.jpg 1920w, https:\/\/rawcenter.es\/wp-content\/uploads\/2022\/11\/IMG_8850-225x300.jpg 225w, https:\/\/rawcenter.es\/wp-content\/uploads\/2022\/11\/IMG_8850-768x1024.jpg 768w, https:\/\/rawcenter.es\/wp-content\/uploads\/2022\/11\/IMG_8850-1152x1536.jpg 1152w, https:\/\/rawcenter.es\/wp-content\/uploads\/2022\/11\/IMG_8850-1536x2048.jpg 1536w\" sizes=\"(max-width: 1920px) 100vw, 1920px\" \/>\t\t\t\t\t\t\t\t\t\t\t\t\t\t\t<\/div>\n\t\t\t\t<\/div>\n\t\t\t\t\t<\/div>\n\t\t<\/div>\n\t\t\t\t<div class=\"elementor-column elementor-col-50 elementor-top-column elementor-element elementor-element-52430d95\" data-id=\"52430d95\" data-element_type=\"column\">\n\t\t\t<div class=\"elementor-widget-wrap elementor-element-populated\">\n\t\t\t\t\t\t\t\t<div class=\"elementor-element elementor-element-716f1a0f elementor-widget elementor-widget-heading\" data-id=\"716f1a0f\" data-element_type=\"widget\" data-widget_type=\"heading.default\">\n\t\t\t\t<div class=\"elementor-widget-container\">\n\t\t\t<style>\/*! elementor - v3.8.0 - 30-10-2022 *\/\n.elementor-heading-title{padding:0;margin:0;line-height:1}.elementor-widget-heading .elementor-heading-title[class*=elementor-size-]>a{color:inherit;font-size:inherit;line-height:inherit}.elementor-widget-heading .elementor-heading-title.elementor-size-small{font-size:15px}.elementor-widget-heading .elementor-heading-title.elementor-size-medium{font-size:19px}.elementor-widget-heading .elementor-heading-title.elementor-size-large{font-size:29px}.elementor-widget-heading .elementor-heading-title.elementor-size-xl{font-size:39px}.elementor-widget-heading .elementor-heading-title.elementor-size-xxl{font-size:59px}<\/style><h4 class=\"elementor-heading-title elementor-size-default\">Entrenamiento en grupos reducidos<\/h4>\t\t<\/div>\n\t\t\t\t<\/div>\n\t\t\t\t<div class=\"elementor-element elementor-element-1c2f4b59 elementor-widget elementor-widget-text-editor\" data-id=\"1c2f4b59\" data-element_type=\"widget\" data-widget_type=\"text-editor.default\">\n\t\t\t\t<div class=\"elementor-widget-container\">\n\t\t\t<style>\/*! elementor - v3.8.0 - 30-10-2022 *\/\n.elementor-widget-text-editor.elementor-drop-cap-view-stacked .elementor-drop-cap{background-color:#818a91;color:#fff}.elementor-widget-text-editor.elementor-drop-cap-view-framed .elementor-drop-cap{color:#818a91;border:3px solid;background-color:transparent}.elementor-widget-text-editor:not(.elementor-drop-cap-view-default) .elementor-drop-cap{margin-top:8px}.elementor-widget-text-editor:not(.elementor-drop-cap-view-default) .elementor-drop-cap-letter{width:1em;height:1em}.elementor-widget-text-editor .elementor-drop-cap{float:left;text-align:center;line-height:1;font-size:50px}.elementor-widget-text-editor .elementor-drop-cap-letter{display:inline-block}<\/style>\t\t\t\t<p>Personalizaci\u00f3n del entrenamiento en base a los objetivos personales compartiendo espacio y material con otras personas durante 1 hora.<\/p><p><span style=\"font-style: inherit; font-weight: inherit;\">Es una opci\u00f3n apta para cualquier\u00a0 persona, desde principiantes hasta personas experimentadas.\u00a0<\/span><\/p>\t\t\t\t\t\t<\/div>\n\t\t\t\t<\/div>\n\t\t\t\t\t<\/div>\n\t\t<\/div>\n\t\t\t\t\t\t\t<\/div>\n\t\t<\/section>\n\t\t\t\t<section class=\"elementor-section elementor-top-section elementor-element elementor-element-7e86c024 elementor-section-content-middle elementor-reverse-mobile elementor-section-boxed elementor-section-height-default elementor-section-height-default\" data-id=\"7e86c024\" data-element_type=\"section\" id=\"entrenamientopersonal\">\n\t\t\t\t\t\t<div class=\"elementor-container elementor-column-gap-no\">\n\t\t\t\t\t<div class=\"elementor-column elementor-col-50 elementor-top-column elementor-element elementor-element-10d7959f\" data-id=\"10d7959f\" data-element_type=\"column\">\n\t\t\t<div class=\"elementor-widget-wrap elementor-element-populated\">\n\t\t\t\t\t\t\t\t<div class=\"elementor-element elementor-element-3fa665dc elementor-widget elementor-widget-heading\" data-id=\"3fa665dc\" data-element_type=\"widget\" data-widget_type=\"heading.default\">\n\t\t\t\t<div class=\"elementor-widget-container\">\n\t\t\t<h4 class=\"elementor-heading-title elementor-size-default\">Entrenamiento personal<\/h4>\t\t<\/div>\n\t\t\t\t<\/div>\n\t\t\t\t<div class=\"elementor-element elementor-element-102d5969 elementor-widget elementor-widget-text-editor\" data-id=\"102d5969\" data-element_type=\"widget\" data-widget_type=\"text-editor.default\">\n\t\t\t\t<div class=\"elementor-widget-container\">\n\t\t\t\t\t\t\t<p>Entrenamiento en sesiones de 1 hora con 100% de\u00a0 atenci\u00f3n personalizada 1 a 1 con el entrenador. Muy buena opci\u00f3n para readaptaci\u00f3n de lesiones, entrenamiento espec\u00edficos para rendimiento en deportistas y\/o condiciones f\u00edsicas espec\u00edficas.\u00a0<\/p>\t\t\t\t\t\t<\/div>\n\t\t\t\t<\/div>\n\t\t\t\t\t<\/div>\n\t\t<\/div>\n\t\t\t\t<div class=\"elementor-column elementor-col-50 elementor-top-column elementor-element elementor-element-47e6c8b3\" data-id=\"47e6c8b3\" data-element_type=\"column\">\n\t\t\t<div class=\"elementor-widget-wrap elementor-element-populated\">\n\t\t\t\t\t\t\t\t<div class=\"elementor-element elementor-element-5d78aa9d elementor-widget elementor-widget-image\" data-id=\"5d78aa9d\" data-element_type=\"widget\" data-widget_type=\"image.default\">\n\t\t\t\t<div class=\"elementor-widget-container\">\n\t\t\t\t\t\t\t\t\t\t\t\t\t\t\t<img width=\"1170\" height=\"1604\" src=\"https:\/\/rawcenter.es\/wp-content\/uploads\/2022\/11\/IMG_8840-e1668625953751.jpg\" class=\"attachment-full size-full\" alt=\"\" loading=\"lazy\" srcset=\"https:\/\/rawcenter.es\/wp-content\/uploads\/2022\/11\/IMG_8840-e1668625953751.jpg 1170w, https:\/\/rawcenter.es\/wp-content\/uploads\/2022\/11\/IMG_8840-e1668625953751-219x300.jpg 219w, https:\/\/rawcenter.es\/wp-content\/uploads\/2022\/11\/IMG_8840-e1668625953751-747x1024.jpg 747w, https:\/\/rawcenter.es\/wp-content\/uploads\/2022\/11\/IMG_8840-e1668625953751-768x1053.jpg 768w, https:\/\/rawcenter.es\/wp-content\/uploads\/2022\/11\/IMG_8840-e1668625953751-1120x1536.jpg 1120w\" sizes=\"(max-width: 1170px) 100vw, 1170px\" \/>\t\t\t\t\t\t\t\t\t\t\t\t\t\t\t<\/div>\n\t\t\t\t<\/div>\n\t\t\t\t\t<\/div>\n\t\t<\/div>\n\t\t\t\t\t\t\t<\/div>\n\t\t<\/section>\n\t\t\t\t<section class=\"elementor-section elementor-top-section elementor-element elementor-element-59acd1bb elementor-section-content-middle elementor-section-boxed elementor-section-height-default elementor-section-height-default\" data-id=\"59acd1bb\" data-element_type=\"section\" id=\"entrenamientodomicilio\" data-settings=\"{&quot;background_background&quot;:&quot;classic&quot;}\">\n\t\t\t\t\t\t<div class=\"elementor-container elementor-column-gap-no\">\n\t\t\t\t\t<div class=\"elementor-column elementor-col-50 elementor-top-column elementor-element elementor-element-5a1fde56\" data-id=\"5a1fde56\" data-element_type=\"column\">\n\t\t\t<div class=\"elementor-widget-wrap elementor-element-populated\">\n\t\t\t\t\t\t\t\t<div class=\"elementor-element elementor-element-729fd743 elementor-widget elementor-widget-image\" data-id=\"729fd743\" data-element_type=\"widget\" data-widget_type=\"image.default\">\n\t\t\t\t<div class=\"elementor-widget-container\">\n\t\t\t\t\t\t\t\t\t\t\t\t\t\t\t<img width=\"2055\" height=\"2560\" src=\"https:\/\/rawcenter.es\/wp-content\/uploads\/2022\/11\/IMG_8845-scaled.jpg\" class=\"attachment-full size-full\" alt=\"\" loading=\"lazy\" srcset=\"https:\/\/rawcenter.es\/wp-content\/uploads\/2022\/11\/IMG_8845-scaled.jpg 2055w, https:\/\/rawcenter.es\/wp-content\/uploads\/2022\/11\/IMG_8845-241x300.jpg 241w, https:\/\/rawcenter.es\/wp-content\/uploads\/2022\/11\/IMG_8845-822x1024.jpg 822w, https:\/\/rawcenter.es\/wp-content\/uploads\/2022\/11\/IMG_8845-768x957.jpg 768w, https:\/\/rawcenter.es\/wp-content\/uploads\/2022\/11\/IMG_8845-1233x1536.jpg 1233w, https:\/\/rawcenter.es\/wp-content\/uploads\/2022\/11\/IMG_8845-1644x2048.jpg 1644w\" sizes=\"(max-width: 2055px) 100vw, 2055px\" \/>\t\t\t\t\t\t\t\t\t\t\t\t\t\t\t<\/div>\n\t\t\t\t<\/div>\n\t\t\t\t\t<\/div>\n\t\t<\/div>\n\t\t\t\t<div class=\"elementor-column elementor-col-50 elementor-top-column elementor-element elementor-element-562c8b0b\" data-id=\"562c8b0b\" data-element_type=\"column\">\n\t\t\t<div class=\"elementor-widget-wrap elementor-element-populated\">\n\t\t\t\t\t\t\t\t<div class=\"elementor-element elementor-element-47addae6 elementor-widget elementor-widget-heading\" data-id=\"47addae6\" data-element_type=\"widget\" data-widget_type=\"heading.default\">\n\t\t\t\t<div class=\"elementor-widget-container\">\n\t\t\t<h4 class=\"elementor-heading-title elementor-size-default\">Entrenamiento a domicilio<\/h4>\t\t<\/div>\n\t\t\t\t<\/div>\n\t\t\t\t<div class=\"elementor-element elementor-element-7de54923 elementor-widget elementor-widget-text-editor\" data-id=\"7de54923\" data-element_type=\"widget\" data-widget_type=\"text-editor.default\">\n\t\t\t\t<div class=\"elementor-widget-container\">\n\t\t\t\t\t\t\t<p>Sesiones de 1 hora de entrenamiento personalizado 1 a 1 con el entrenador en tu domicilio.\u00a0<\/p><p>Para m\u00e1s informaci\u00f3n y presupuesto ponte en contacto con nosotros y cu\u00e9ntanos tu caso.<\/p>\t\t\t\t\t\t<\/div>\n\t\t\t\t<\/div>\n\t\t\t\t\t<\/div>\n\t\t<\/div>\n\t\t\t\t\t\t\t<\/div>\n\t\t<\/section>\n\t\t\t\t\t\t\t<\/div>\n\t\t","protected":false},"excerpt":{"rendered":"<p>Entrenamiento en grupos reducidos Entrenamiento personal Entrenamiento a domicilio Entrenamiento en grupos reducidos Personalizaci\u00f3n del entrenamiento en base a los objetivos personales compartiendo espacio y material con otras personas durante 1 hora. Es una opci\u00f3n apta para cualquier\u00a0 persona, desde principiantes hasta personas experimentadas.\u00a0 Entrenamiento personal Entrenamiento en sesiones de 1 hora con 100% de\u00a0 &hellip;<\/p>\n<p class=\"read-more\"> <a class=\"\" href=\"https:\/\/rawcenter.es\/?page_id=1267\"> <span class=\"screen-reader-text\">ENTRENAMIENTO<\/span> Leer m\u00e1s &raquo;<\/a><\/p>\n","protected":false},"author":1,"featured_media":0,"parent":0,"menu_order":0,"comment_status":"closed","ping_status":"closed","template":"","meta":{"site-sidebar-layout":"no-sidebar","site-content-layout":"page-builder","ast-global-header-display":"","ast-main-header-display":"","ast-hfb-above-header-display":"","ast-hfb-below-header-display":"","ast-hfb-mobile-header-display":"","site-post-title":"disabled","ast-breadcrumbs-content":"","ast-featured-img":"disabled","footer-sml-layout":"","theme-transparent-header-meta":"","adv-header-id-meta":"","stick-header-meta":"","header-above-stick-meta":"","header-main-stick-meta":"","header-below-stick-meta":""},"yoast_head":"<!-- This site is optimized with the Yoast SEO plugin v19.13 - https:\/\/yoast.com\/wordpress\/plugins\/seo\/ -->\n<title>ENTRENAMIENTO - RAW CENTER<\/title>\n<meta name=\"robots\" content=\"index, follow, max-snippet:-1, max-image-preview:large, max-video-preview:-1\" \/>\n<link rel=\"canonical\" href=\"https:\/\/rawcenter.es\/?page_id=1267\" \/>\n<meta property=\"og:locale\" content=\"es_ES\" \/>\n<meta property=\"og:type\" content=\"article\" \/>\n<meta property=\"og:title\" content=\"ENTRENAMIENTO - RAW CENTER\" \/>\n<meta property=\"og:description\" content=\"Entrenamiento en grupos reducidos Entrenamiento personal Entrenamiento a domicilio Entrenamiento en grupos reducidos Personalizaci\u00f3n del entrenamiento en base a los objetivos personales compartiendo espacio y material con otras personas durante 1 hora. Es una opci\u00f3n apta para cualquier\u00a0 persona, desde principiantes hasta personas experimentadas.\u00a0 Entrenamiento personal Entrenamiento en sesiones de 1 hora con 100% de\u00a0 &hellip; ENTRENAMIENTO Leer m\u00e1s &raquo;\" \/>\n<meta property=\"og:url\" content=\"https:\/\/rawcenter.es\/?page_id=1267\" \/>\n<meta property=\"og:site_name\" content=\"RAW CENTER\" \/>\n<meta property=\"article:modified_time\" content=\"2022-11-24T19:34:43+00:00\" \/>\n<meta property=\"og:image\" content=\"http:\/\/rawcenter.es\/wp-content\/uploads\/2022\/11\/IMG_8850-scaled.jpg\" \/>\n<meta name=\"twitter:card\" content=\"summary_large_image\" \/>\n<meta name=\"twitter:label1\" content=\"Tiempo de lectura\" \/>\n\t<meta name=\"twitter:data1\" content=\"1 minuto\" \/>\n<script type=\"application\/ld+json\" class=\"yoast-schema-graph\">{\"@context\":\"https:\/\/schema.org\",\"@graph\":[{\"@type\":\"WebPage\",\"@id\":\"https:\/\/rawcenter.es\/?page_id=1267\",\"url\":\"https:\/\/rawcenter.es\/?page_id=1267\",\"name\":\"ENTRENAMIENTO - RAW CENTER\",\"isPartOf\":{\"@id\":\"https:\/\/rawcenter.es\/#website\"},\"datePublished\":\"2022-11-16T18:42:56+00:00\",\"dateModified\":\"2022-11-24T19:34:43+00:00\",\"breadcrumb\":{\"@id\":\"https:\/\/rawcenter.es\/?page_id=1267#breadcrumb\"},\"inLanguage\":\"es\",\"potentialAction\":[{\"@type\":\"ReadAction\",\"target\":[\"https:\/\/rawcenter.es\/?page_id=1267\"]}]},{\"@type\":\"BreadcrumbList\",\"@id\":\"https:\/\/rawcenter.es\/?page_id=1267#breadcrumb\",\"itemListElement\":[{\"@type\":\"ListItem\",\"position\":1,\"name\":\"Portada\",\"item\":\"https:\/\/rawcenter.es\/\"},{\"@type\":\"ListItem\",\"position\":2,\"name\":\"ENTRENAMIENTO\"}]},{\"@type\":\"WebSite\",\"@id\":\"https:\/\/rawcenter.es\/#website\",\"url\":\"https:\/\/rawcenter.es\/\",\"name\":\"RAW CENTER\",\"description\":\"CENTRO DE ENTRENAMIENTO Y NUTRICI\u00d3N\",\"publisher\":{\"@id\":\"https:\/\/rawcenter.es\/#organization\"},\"potentialAction\":[{\"@type\":\"SearchAction\",\"target\":{\"@type\":\"EntryPoint\",\"urlTemplate\":\"https:\/\/rawcenter.es\/?s={search_term_string}\"},\"query-input\":\"required name=search_term_string\"}],\"inLanguage\":\"es\"},{\"@type\":\"Organization\",\"@id\":\"https:\/\/rawcenter.es\/#organization\",\"name\":\"RAW CENTER\",\"url\":\"https:\/\/rawcenter.es\/\",\"logo\":{\"@type\":\"ImageObject\",\"inLanguage\":\"es\",\"@id\":\"https:\/\/rawcenter.es\/#\/schema\/logo\/image\/\",\"url\":\"https:\/\/rawcenter.es\/wp-content\/uploads\/2022\/11\/00-RAW-CENTER-circular-1.png\",\"contentUrl\":\"https:\/\/rawcenter.es\/wp-content\/uploads\/2022\/11\/00-RAW-CENTER-circular-1.png\",\"width\":1920,\"height\":1920,\"caption\":\"RAW CENTER\"},\"image\":{\"@id\":\"https:\/\/rawcenter.es\/#\/schema\/logo\/image\/\"}}]}<\/script>\n<!-- \/ Yoast SEO plugin. -->","yoast_head_json":{"title":"ENTRENAMIENTO - RAW CENTER","robots":{"index":"index","follow":"follow","max-snippet":"max-snippet:-1","max-image-preview":"max-image-preview:large","max-video-preview":"max-video-preview:-1"},"canonical":"https:\/\/rawcenter.es\/?page_id=1267","og_locale":"es_ES","og_type":"article","og_title":"ENTRENAMIENTO - RAW CENTER","og_description":"Entrenamiento en grupos reducidos Entrenamiento personal Entrenamiento a domicilio Entrenamiento en grupos reducidos Personalizaci\u00f3n del entrenamiento en base a los objetivos personales compartiendo espacio y material con otras personas durante 1 hora. Es una opci\u00f3n apta para cualquier\u00a0 persona, desde principiantes hasta personas experimentadas.\u00a0 Entrenamiento personal Entrenamiento en sesiones de 1 hora con 100% de\u00a0 &hellip; ENTRENAMIENTO Leer m\u00e1s &raquo;","og_url":"https:\/\/rawcenter.es\/?page_id=1267","og_site_name":"RAW CENTER","article_modified_time":"2022-11-24T19:34:43+00:00","og_image":[{"url":"http:\/\/rawcenter.es\/wp-content\/uploads\/2022\/11\/IMG_8850-scaled.jpg"}],"twitter_card":"summary_large_image","twitter_misc":{"Tiempo de lectura":"1 minuto"},"schema":{"@context":"https:\/\/schema.org","@graph":[{"@type":"WebPage","@id":"https:\/\/rawcenter.es\/?page_id=1267","url":"https:\/\/rawcenter.es\/?page_id=1267","name":"ENTRENAMIENTO - RAW CENTER","isPartOf":{"@id":"https:\/\/rawcenter.es\/#website"},"datePublished":"2022-11-16T18:42:56+00:00","dateModified":"2022-11-24T19:34:43+00:00","breadcrumb":{"@id":"https:\/\/rawcenter.es\/?page_id=1267#breadcrumb"},"inLanguage":"es","potentialAction":[{"@type":"ReadAction","target":["https:\/\/rawcenter.es\/?page_id=1267"]}]},{"@type":"BreadcrumbList","@id":"https:\/\/rawcenter.es\/?page_id=1267#breadcrumb","itemListElement":[{"@type":"ListItem","position":1,"name":"Portada","item":"https:\/\/rawcenter.es\/"},{"@type":"ListItem","position":2,"name":"ENTRENAMIENTO"}]},{"@type":"WebSite","@id":"https:\/\/rawcenter.es\/#website","url":"https:\/\/rawcenter.es\/","name":"RAW CENTER","description":"CENTRO DE ENTRENAMIENTO Y NUTRICI\u00d3N","publisher":{"@id":"https:\/\/rawcenter.es\/#organization"},"potentialAction":[{"@type":"SearchAction","target":{"@type":"EntryPoint","urlTemplate":"https:\/\/rawcenter.es\/?s={search_term_string}"},"query-input":"required name=search_term_string"}],"inLanguage":"es"},{"@type":"Organization","@id":"https:\/\/rawcenter.es\/#organization","name":"RAW CENTER","url":"https:\/\/rawcenter.es\/","logo":{"@type":"ImageObject","inLanguage":"es","@id":"https:\/\/rawcenter.es\/#\/schema\/logo\/image\/","url":"https:\/\/rawcenter.es\/wp-content\/uploads\/2022\/11\/00-RAW-CENTER-circular-1.png","contentUrl":"https:\/\/rawcenter.es\/wp-content\/uploads\/2022\/11\/00-RAW-CENTER-circular-1.png","width":1920,"height":1920,"caption":"RAW CENTER"},"image":{"@id":"https:\/\/rawcenter.es\/#\/schema\/logo\/image\/"}}]}},"_links":{"self":[{"href":"https:\/\/rawcenter.es\/index.php?rest_route=\/wp\/v2\/pages\/1267"}],"collection":[{"href":"https:\/\/rawcenter.es\/index.php?rest_route=\/wp\/v2\/pages"}],"about":[{"href":"https:\/\/rawcenter.es\/index.php?rest_route=\/wp\/v2\/types\/page"}],"author":[{"embeddable":true,"href":"https:\/\/rawcenter.es\/index.php?rest_route=\/wp\/v2\/users\/1"}],"replies":[{"embeddable":true,"href":"https:\/\/rawcenter.es\/index.php?rest_route=%2Fwp%2Fv2%2Fcomments&post=1267"}],"version-history":[{"count":109,"href":"https:\/\/rawcenter.es\/index.php?rest_route=\/wp\/v2\/pages\/1267\/revisions"}],"predecessor-version":[{"id":1713,"href":"https:\/\/rawcenter.es\/index.php?rest_route=\/wp\/v2\/pages\/1267\/revisions\/1713"}],"wp:attachment":[{"href":"https:\/\/rawcenter.es\/index.php?rest_route=%2Fwp%2Fv2%2Fmedia&parent=1267"}],"curies":[{"name":"wp","href":"https:\/\/api.w.org\/{rel}","templated":true}]}}