{"id":1287,"date":"2022-11-17T11:49:12","date_gmt":"2022-11-17T11:49:12","guid":{"rendered":"https:\/\/rawcenter.es\/?page_id=1287"},"modified":"2023-10-17T08:38:56","modified_gmt":"2023-10-17T08:38:56","slug":"nutricion","status":"publish","type":"page","link":"https:\/\/rawcenter.es\/?page_id=1287","title":{"rendered":"Nutrici\u00f3n"},"content":{"rendered":"\t\t<div data-elementor-type=\"wp-page\" data-elementor-id=\"1287\" class=\"elementor elementor-1287\">\n\t\t\t\t\t\t\t\t\t<section class=\"elementor-section elementor-top-section elementor-element elementor-element-2724edea elementor-section-boxed elementor-section-height-default elementor-section-height-default\" data-id=\"2724edea\" data-element_type=\"section\" id=\"nutrici\u00f3n\" data-settings=\"{&quot;background_background&quot;:&quot;classic&quot;}\">\n\t\t\t\t\t\t<div class=\"elementor-container elementor-column-gap-no\">\n\t\t\t\t\t<div class=\"elementor-column elementor-col-33 elementor-top-column elementor-element elementor-element-60ccddc2\" data-id=\"60ccddc2\" data-element_type=\"column\">\n\t\t\t<div class=\"elementor-widget-wrap elementor-element-populated\">\n\t\t\t\t\t\t\t\t<div class=\"elementor-element elementor-element-393dc477 elementor-widget elementor-widget-text-editor\" data-id=\"393dc477\" data-element_type=\"widget\" data-widget_type=\"text-editor.default\">\n\t\t\t\t<div class=\"elementor-widget-container\">\n\t\t\t<style>\/*! elementor - v3.8.0 - 30-10-2022 *\/\n.elementor-widget-text-editor.elementor-drop-cap-view-stacked .elementor-drop-cap{background-color:#818a91;color:#fff}.elementor-widget-text-editor.elementor-drop-cap-view-framed .elementor-drop-cap{color:#818a91;border:3px solid;background-color:transparent}.elementor-widget-text-editor:not(.elementor-drop-cap-view-default) .elementor-drop-cap{margin-top:8px}.elementor-widget-text-editor:not(.elementor-drop-cap-view-default) .elementor-drop-cap-letter{width:1em;height:1em}.elementor-widget-text-editor .elementor-drop-cap{float:left;text-align:center;line-height:1;font-size:50px}.elementor-widget-text-editor .elementor-drop-cap-letter{display:inline-block}<\/style>\t\t\t\t\t\t\t\t\t\t<\/div>\n\t\t\t\t<\/div>\n\t\t\t\t<div class=\"elementor-element elementor-element-137f0f62 elementor-widget elementor-widget-heading\" data-id=\"137f0f62\" data-element_type=\"widget\" data-widget_type=\"heading.default\">\n\t\t\t\t<div class=\"elementor-widget-container\">\n\t\t\t<style>\/*! elementor - v3.8.0 - 30-10-2022 *\/\n.elementor-heading-title{padding:0;margin:0;line-height:1}.elementor-widget-heading .elementor-heading-title[class*=elementor-size-]>a{color:inherit;font-size:inherit;line-height:inherit}.elementor-widget-heading .elementor-heading-title.elementor-size-small{font-size:15px}.elementor-widget-heading .elementor-heading-title.elementor-size-medium{font-size:19px}.elementor-widget-heading .elementor-heading-title.elementor-size-large{font-size:29px}.elementor-widget-heading .elementor-heading-title.elementor-size-xl{font-size:39px}.elementor-widget-heading .elementor-heading-title.elementor-size-xxl{font-size:59px}<\/style><h3 class=\"elementor-heading-title elementor-size-default\">Nutrici\u00f3n y alimentaci\u00f3n saludable<\/h3>\t\t<\/div>\n\t\t\t\t<\/div>\n\t\t\t\t<div class=\"elementor-element elementor-element-49f0bdc2 elementor-widget-divider--view-line elementor-widget elementor-widget-divider\" data-id=\"49f0bdc2\" data-element_type=\"widget\" data-widget_type=\"divider.default\">\n\t\t\t\t<div class=\"elementor-widget-container\">\n\t\t\t<style>\/*! elementor - v3.8.0 - 30-10-2022 *\/\n.elementor-widget-divider{--divider-border-style:none;--divider-border-width:1px;--divider-color:#2c2c2c;--divider-icon-size:20px;--divider-element-spacing:10px;--divider-pattern-height:24px;--divider-pattern-size:20px;--divider-pattern-url:none;--divider-pattern-repeat:repeat-x}.elementor-widget-divider .elementor-divider{display:-webkit-box;display:-ms-flexbox;display:flex}.elementor-widget-divider .elementor-divider__text{font-size:15px;line-height:1;max-width:95%}.elementor-widget-divider .elementor-divider__element{margin:0 var(--divider-element-spacing);-ms-flex-negative:0;flex-shrink:0}.elementor-widget-divider .elementor-icon{font-size:var(--divider-icon-size)}.elementor-widget-divider .elementor-divider-separator{display:-webkit-box;display:-ms-flexbox;display:flex;margin:0;direction:ltr}.elementor-widget-divider--view-line_icon .elementor-divider-separator,.elementor-widget-divider--view-line_text .elementor-divider-separator{-webkit-box-align:center;-ms-flex-align:center;align-items:center}.elementor-widget-divider--view-line_icon .elementor-divider-separator:after,.elementor-widget-divider--view-line_icon .elementor-divider-separator:before,.elementor-widget-divider--view-line_text .elementor-divider-separator:after,.elementor-widget-divider--view-line_text .elementor-divider-separator:before{display:block;content:\"\";border-bottom:0;-webkit-box-flex:1;-ms-flex-positive:1;flex-grow:1;border-top:var(--divider-border-width) var(--divider-border-style) var(--divider-color)}.elementor-widget-divider--element-align-left .elementor-divider .elementor-divider-separator>.elementor-divider__svg:first-of-type{-webkit-box-flex:0;-ms-flex-positive:0;flex-grow:0;-ms-flex-negative:100;flex-shrink:100}.elementor-widget-divider--element-align-left .elementor-divider-separator:before{content:none}.elementor-widget-divider--element-align-left .elementor-divider__element{margin-left:0}.elementor-widget-divider--element-align-right .elementor-divider .elementor-divider-separator>.elementor-divider__svg:last-of-type{-webkit-box-flex:0;-ms-flex-positive:0;flex-grow:0;-ms-flex-negative:100;flex-shrink:100}.elementor-widget-divider--element-align-right .elementor-divider-separator:after{content:none}.elementor-widget-divider--element-align-right .elementor-divider__element{margin-right:0}.elementor-widget-divider:not(.elementor-widget-divider--view-line_text):not(.elementor-widget-divider--view-line_icon) .elementor-divider-separator{border-top:var(--divider-border-width) var(--divider-border-style) var(--divider-color)}.elementor-widget-divider--separator-type-pattern{--divider-border-style:none}.elementor-widget-divider--separator-type-pattern.elementor-widget-divider--view-line .elementor-divider-separator,.elementor-widget-divider--separator-type-pattern:not(.elementor-widget-divider--view-line) .elementor-divider-separator:after,.elementor-widget-divider--separator-type-pattern:not(.elementor-widget-divider--view-line) .elementor-divider-separator:before,.elementor-widget-divider--separator-type-pattern:not([class*=elementor-widget-divider--view]) .elementor-divider-separator{width:100%;min-height:var(--divider-pattern-height);-webkit-mask-size:var(--divider-pattern-size) 100%;mask-size:var(--divider-pattern-size) 100%;-webkit-mask-repeat:var(--divider-pattern-repeat);mask-repeat:var(--divider-pattern-repeat);background-color:var(--divider-color);-webkit-mask-image:var(--divider-pattern-url);mask-image:var(--divider-pattern-url)}.elementor-widget-divider--no-spacing{--divider-pattern-size:auto}.elementor-widget-divider--bg-round{--divider-pattern-repeat:round}.rtl .elementor-widget-divider .elementor-divider__text{direction:rtl}.e-con-inner>.elementor-widget-divider,.e-con>.elementor-widget-divider{width:var(--container-widget-width,100%)}<\/style>\t\t<div class=\"elementor-divider\">\n\t\t\t<span class=\"elementor-divider-separator\">\n\t\t\t\t\t\t<\/span>\n\t\t<\/div>\n\t\t\t\t<\/div>\n\t\t\t\t<\/div>\n\t\t\t\t\t<\/div>\n\t\t<\/div>\n\t\t\t\t<div class=\"elementor-column elementor-col-33 elementor-top-column elementor-element elementor-element-8203588\" data-id=\"8203588\" data-element_type=\"column\">\n\t\t\t<div class=\"elementor-widget-wrap elementor-element-populated\">\n\t\t\t\t\t\t\t\t<div class=\"elementor-element elementor-element-617768de elementor-widget elementor-widget-image\" data-id=\"617768de\" data-element_type=\"widget\" data-widget_type=\"image.default\">\n\t\t\t\t<div class=\"elementor-widget-container\">\n\t\t\t<style>\/*! elementor - v3.8.0 - 30-10-2022 *\/\n.elementor-widget-image{text-align:center}.elementor-widget-image a{display:inline-block}.elementor-widget-image a img[src$=\".svg\"]{width:48px}.elementor-widget-image img{vertical-align:middle;display:inline-block}<\/style>\t\t\t\t\t\t\t\t\t\t\t\t<img width=\"1920\" height=\"2560\" src=\"https:\/\/rawcenter.es\/wp-content\/uploads\/2022\/11\/IMG_2157-scaled.jpg\" class=\"elementor-animation-grow attachment-full size-full\" alt=\"\" loading=\"lazy\" srcset=\"https:\/\/rawcenter.es\/wp-content\/uploads\/2022\/11\/IMG_2157-scaled.jpg 1920w, https:\/\/rawcenter.es\/wp-content\/uploads\/2022\/11\/IMG_2157-225x300.jpg 225w, https:\/\/rawcenter.es\/wp-content\/uploads\/2022\/11\/IMG_2157-768x1024.jpg 768w, https:\/\/rawcenter.es\/wp-content\/uploads\/2022\/11\/IMG_2157-1152x1536.jpg 1152w, https:\/\/rawcenter.es\/wp-content\/uploads\/2022\/11\/IMG_2157-1536x2048.jpg 1536w\" sizes=\"(max-width: 1920px) 100vw, 1920px\" \/>\t\t\t\t\t\t\t\t\t\t\t\t\t\t\t<\/div>\n\t\t\t\t<\/div>\n\t\t\t\t<div class=\"elementor-element elementor-element-773b097c elementor-widget elementor-widget-text-editor\" data-id=\"773b097c\" data-element_type=\"widget\" data-widget_type=\"text-editor.default\">\n\t\t\t\t<div class=\"elementor-widget-container\">\n\t\t\t\t\t\t\t<p>El objetivo es encontrar e identificar vuestras necesidades para poder llevar a cabo un plan totalmente personalizado y adaptado. Durante el proceso queremos evitar las prohibiciones, restricciones y sensaci\u00f3n de presi\u00f3n que suelen generar las t\u00edpicas dietas.\u00a0<\/p>\t\t\t\t\t\t<\/div>\n\t\t\t\t<\/div>\n\t\t\t\t\t<\/div>\n\t\t<\/div>\n\t\t\t\t<div class=\"elementor-column elementor-col-33 elementor-top-column elementor-element elementor-element-339ec55e\" data-id=\"339ec55e\" data-element_type=\"column\">\n\t\t\t<div class=\"elementor-widget-wrap elementor-element-populated\">\n\t\t\t\t\t\t\t\t<div class=\"elementor-element elementor-element-25a60f67 elementor-widget elementor-widget-text-editor\" data-id=\"25a60f67\" data-element_type=\"widget\" data-widget_type=\"text-editor.default\">\n\t\t\t\t<div class=\"elementor-widget-container\">\n\t\t\t\t\t\t\t<p>En Raw Center trabajamos desde la educaci\u00f3n nutricional hacia los objetivos de cada persona. Le damos mucha importancia a la adquisici\u00f3n de h\u00e1bitos saludables como estilo de vida, para que de esta forma, la alimentaci\u00f3n saludable no sea algo pasajero, sino algo integrado en vuestro d\u00eda a d\u00eda.\u00a0<\/p>\t\t\t\t\t\t<\/div>\n\t\t\t\t<\/div>\n\t\t\t\t<div class=\"elementor-element elementor-element-35979bd2 elementor-widget elementor-widget-image\" data-id=\"35979bd2\" data-element_type=\"widget\" data-widget_type=\"image.default\">\n\t\t\t\t<div class=\"elementor-widget-container\">\n\t\t\t\t\t\t\t\t\t\t\t\t\t\t\t<img width=\"1440\" height=\"2560\" src=\"https:\/\/rawcenter.es\/wp-content\/uploads\/2022\/11\/85E581FE-AEF1-408B-B5F3-863BA04B2DD0-scaled.jpg\" class=\"elementor-animation-grow attachment-full size-full\" alt=\"\" loading=\"lazy\" srcset=\"https:\/\/rawcenter.es\/wp-content\/uploads\/2022\/11\/85E581FE-AEF1-408B-B5F3-863BA04B2DD0-scaled.jpg 1440w, https:\/\/rawcenter.es\/wp-content\/uploads\/2022\/11\/85E581FE-AEF1-408B-B5F3-863BA04B2DD0-169x300.jpg 169w, https:\/\/rawcenter.es\/wp-content\/uploads\/2022\/11\/85E581FE-AEF1-408B-B5F3-863BA04B2DD0-576x1024.jpg 576w, https:\/\/rawcenter.es\/wp-content\/uploads\/2022\/11\/85E581FE-AEF1-408B-B5F3-863BA04B2DD0-768x1365.jpg 768w, https:\/\/rawcenter.es\/wp-content\/uploads\/2022\/11\/85E581FE-AEF1-408B-B5F3-863BA04B2DD0-864x1536.jpg 864w, https:\/\/rawcenter.es\/wp-content\/uploads\/2022\/11\/85E581FE-AEF1-408B-B5F3-863BA04B2DD0-1152x2048.jpg 1152w\" sizes=\"(max-width: 1440px) 100vw, 1440px\" \/>\t\t\t\t\t\t\t\t\t\t\t\t\t\t\t<\/div>\n\t\t\t\t<\/div>\n\t\t\t\t\t<\/div>\n\t\t<\/div>\n\t\t\t\t\t\t\t<\/div>\n\t\t<\/section>\n\t\t\t\t<section class=\"elementor-section elementor-top-section elementor-element elementor-element-6774e6d5 elementor-section-height-min-height elementor-section-boxed elementor-section-height-default elementor-section-items-middle\" data-id=\"6774e6d5\" data-element_type=\"section\" data-settings=\"{&quot;background_background&quot;:&quot;classic&quot;}\">\n\t\t\t\t\t\t<div class=\"elementor-container elementor-column-gap-no\">\n\t\t\t\t\t<div class=\"elementor-column elementor-col-100 elementor-top-column elementor-element elementor-element-6f0a826e\" data-id=\"6f0a826e\" data-element_type=\"column\">\n\t\t\t<div class=\"elementor-widget-wrap elementor-element-populated\">\n\t\t\t\t\t\t\t\t<div class=\"elementor-element elementor-element-15c8f46c elementor-widget elementor-widget-toggle\" data-id=\"15c8f46c\" data-element_type=\"widget\" data-widget_type=\"toggle.default\">\n\t\t\t\t<div class=\"elementor-widget-container\">\n\t\t\t<style>\/*! elementor - v3.8.0 - 30-10-2022 *\/\n.elementor-toggle{text-align:left}.elementor-toggle .elementor-tab-title{font-weight:700;line-height:1;margin:0;padding:15px;border-bottom:1px solid #d4d4d4;cursor:pointer;outline:none}.elementor-toggle .elementor-tab-title .elementor-toggle-icon{display:inline-block;width:1em}.elementor-toggle .elementor-tab-title .elementor-toggle-icon svg{-webkit-margin-start:-5px;margin-inline-start:-5px;width:1em;height:1em}.elementor-toggle .elementor-tab-title .elementor-toggle-icon.elementor-toggle-icon-right{float:right;text-align:right}.elementor-toggle .elementor-tab-title .elementor-toggle-icon.elementor-toggle-icon-left{float:left;text-align:left}.elementor-toggle .elementor-tab-title .elementor-toggle-icon .elementor-toggle-icon-closed{display:block}.elementor-toggle .elementor-tab-title .elementor-toggle-icon .elementor-toggle-icon-opened{display:none}.elementor-toggle .elementor-tab-title.elementor-active{border-bottom:none}.elementor-toggle .elementor-tab-title.elementor-active .elementor-toggle-icon-closed{display:none}.elementor-toggle .elementor-tab-title.elementor-active .elementor-toggle-icon-opened{display:block}.elementor-toggle .elementor-tab-content{padding:15px;border-bottom:1px solid #d4d4d4;display:none}@media (max-width:767px){.elementor-toggle .elementor-tab-title{padding:12px}.elementor-toggle .elementor-tab-content{padding:12px 10px}}.e-con-inner>.elementor-widget-toggle,.e-con>.elementor-widget-toggle{width:var(--container-widget-width,100%)}<\/style>\t\t<div class=\"elementor-toggle\" role=\"tablist\">\n\t\t\t\t\t\t\t<div class=\"elementor-toggle-item\">\n\t\t\t\t\t<div id=\"elementor-tab-title-3651\" class=\"elementor-tab-title\" data-tab=\"1\" role=\"tab\" aria-controls=\"elementor-tab-content-3651\" aria-expanded=\"false\">\n\t\t\t\t\t\t\t\t\t\t\t\t<span class=\"elementor-toggle-icon elementor-toggle-icon-right\" aria-hidden=\"true\">\n\t\t\t\t\t\t\t\t\t\t\t\t\t\t\t<span class=\"elementor-toggle-icon-closed\"><i class=\"fas fa-caret-right\"><\/i><\/span>\n\t\t\t\t\t\t\t\t<span class=\"elementor-toggle-icon-opened\"><i class=\"elementor-toggle-icon-opened fas fa-caret-up\"><\/i><\/span>\n\t\t\t\t\t\t\t\t\t\t\t\t\t<\/span>\n\t\t\t\t\t\t\t\t\t\t\t\t<a href=\"\" class=\"elementor-toggle-title\">Nutrici\u00f3n deportiva<\/a>\n\t\t\t\t\t<\/div>\n\n\t\t\t\t\t<div id=\"elementor-tab-content-3651\" class=\"elementor-tab-content elementor-clearfix\" data-tab=\"1\" role=\"tabpanel\" aria-labelledby=\"elementor-tab-title-3651\"><p>Mejora del rendimiento deportivo y recuperaci\u00f3n.\u00a0 Mejora de la composici\u00f3n corporal.<\/p><\/div>\n\t\t\t\t<\/div>\n\t\t\t\t\t\t\t<div class=\"elementor-toggle-item\">\n\t\t\t\t\t<div id=\"elementor-tab-title-3652\" class=\"elementor-tab-title\" data-tab=\"2\" role=\"tab\" aria-controls=\"elementor-tab-content-3652\" aria-expanded=\"false\">\n\t\t\t\t\t\t\t\t\t\t\t\t<span class=\"elementor-toggle-icon elementor-toggle-icon-right\" aria-hidden=\"true\">\n\t\t\t\t\t\t\t\t\t\t\t\t\t\t\t<span class=\"elementor-toggle-icon-closed\"><i class=\"fas fa-caret-right\"><\/i><\/span>\n\t\t\t\t\t\t\t\t<span class=\"elementor-toggle-icon-opened\"><i class=\"elementor-toggle-icon-opened fas fa-caret-up\"><\/i><\/span>\n\t\t\t\t\t\t\t\t\t\t\t\t\t<\/span>\n\t\t\t\t\t\t\t\t\t\t\t\t<a href=\"\" class=\"elementor-toggle-title\">P\u00e9rdida de peso y obesidad<\/a>\n\t\t\t\t\t<\/div>\n\n\t\t\t\t\t<div id=\"elementor-tab-content-3652\" class=\"elementor-tab-content elementor-clearfix\" data-tab=\"2\" role=\"tabpanel\" aria-labelledby=\"elementor-tab-title-3652\"><p>Alimentaci\u00f3n variada y adaptada a los gustos. Cambio de la composici\u00f3n corporal y prevenci\u00f3n de enfermedades.\u00a0<\/p><\/div>\n\t\t\t\t<\/div>\n\t\t\t\t\t\t\t<div class=\"elementor-toggle-item\">\n\t\t\t\t\t<div id=\"elementor-tab-title-3653\" class=\"elementor-tab-title\" data-tab=\"3\" role=\"tab\" aria-controls=\"elementor-tab-content-3653\" aria-expanded=\"false\">\n\t\t\t\t\t\t\t\t\t\t\t\t<span class=\"elementor-toggle-icon elementor-toggle-icon-right\" aria-hidden=\"true\">\n\t\t\t\t\t\t\t\t\t\t\t\t\t\t\t<span class=\"elementor-toggle-icon-closed\"><i class=\"fas fa-caret-right\"><\/i><\/span>\n\t\t\t\t\t\t\t\t<span class=\"elementor-toggle-icon-opened\"><i class=\"elementor-toggle-icon-opened fas fa-caret-up\"><\/i><\/span>\n\t\t\t\t\t\t\t\t\t\t\t\t\t<\/span>\n\t\t\t\t\t\t\t\t\t\t\t\t<a href=\"\" class=\"elementor-toggle-title\">Nutrici\u00f3n cl\u00ednica<\/a>\n\t\t\t\t\t<\/div>\n\n\t\t\t\t\t<div id=\"elementor-tab-content-3653\" class=\"elementor-tab-content elementor-clearfix\" data-tab=\"3\" role=\"tabpanel\" aria-labelledby=\"elementor-tab-title-3653\"><p>Patolog\u00edas digestivas, hipercolesterolemia, diabetes mellitus,\u00a0<\/p><\/div>\n\t\t\t\t<\/div>\n\t\t\t\t\t\t\t<div class=\"elementor-toggle-item\">\n\t\t\t\t\t<div id=\"elementor-tab-title-3654\" class=\"elementor-tab-title\" data-tab=\"4\" role=\"tab\" aria-controls=\"elementor-tab-content-3654\" aria-expanded=\"false\">\n\t\t\t\t\t\t\t\t\t\t\t\t<span class=\"elementor-toggle-icon elementor-toggle-icon-right\" aria-hidden=\"true\">\n\t\t\t\t\t\t\t\t\t\t\t\t\t\t\t<span class=\"elementor-toggle-icon-closed\"><i class=\"fas fa-caret-right\"><\/i><\/span>\n\t\t\t\t\t\t\t\t<span class=\"elementor-toggle-icon-opened\"><i class=\"elementor-toggle-icon-opened fas fa-caret-up\"><\/i><\/span>\n\t\t\t\t\t\t\t\t\t\t\t\t\t<\/span>\n\t\t\t\t\t\t\t\t\t\t\t\t<a href=\"\" class=\"elementor-toggle-title\">Educaci\u00f3n nutricional<\/a>\n\t\t\t\t\t<\/div>\n\n\t\t\t\t\t<div id=\"elementor-tab-content-3654\" class=\"elementor-tab-content elementor-clearfix\" data-tab=\"4\" role=\"tabpanel\" aria-labelledby=\"elementor-tab-title-3654\"><p>Herramientas y pautas para poder llevar una alimentaci\u00f3n m\u00e1s completa y aprendizaje sobre etiquetado de productos de supermercado.\u00a0<\/p><\/div>\n\t\t\t\t<\/div>\n\t\t\t\t\t\t\t\t<\/div>\n\t\t\t\t<\/div>\n\t\t\t\t<\/div>\n\t\t\t\t\t<\/div>\n\t\t<\/div>\n\t\t\t\t\t\t\t<\/div>\n\t\t<\/section>\n\t\t\t\t\t\t\t<\/div>\n\t\t","protected":false},"excerpt":{"rendered":"<p>Nutrici\u00f3n y alimentaci\u00f3n saludable El objetivo es encontrar e identificar vuestras necesidades para poder llevar a cabo un plan totalmente personalizado y adaptado. Durante el proceso queremos evitar las prohibiciones, restricciones y sensaci\u00f3n de presi\u00f3n que suelen generar las t\u00edpicas dietas.\u00a0 En Raw Center trabajamos desde la educaci\u00f3n nutricional hacia los objetivos de cada persona. &hellip;<\/p>\n<p class=\"read-more\"> <a class=\"\" href=\"https:\/\/rawcenter.es\/?page_id=1287\"> <span class=\"screen-reader-text\">Nutrici\u00f3n<\/span> Leer m\u00e1s &raquo;<\/a><\/p>\n","protected":false},"author":1,"featured_media":0,"parent":0,"menu_order":0,"comment_status":"closed","ping_status":"closed","template":"","meta":{"site-sidebar-layout":"no-sidebar","site-content-layout":"page-builder","ast-global-header-display":"","ast-main-header-display":"","ast-hfb-above-header-display":"","ast-hfb-below-header-display":"","ast-hfb-mobile-header-display":"","site-post-title":"disabled","ast-breadcrumbs-content":"","ast-featured-img":"disabled","footer-sml-layout":"","theme-transparent-header-meta":"","adv-header-id-meta":"","stick-header-meta":"","header-above-stick-meta":"","header-main-stick-meta":"","header-below-stick-meta":""},"yoast_head":"<!-- This site is optimized with the Yoast SEO plugin v19.13 - https:\/\/yoast.com\/wordpress\/plugins\/seo\/ -->\n<title>Nutrici\u00f3n - RAW CENTER<\/title>\n<meta name=\"robots\" content=\"index, follow, max-snippet:-1, max-image-preview:large, max-video-preview:-1\" \/>\n<link rel=\"canonical\" href=\"https:\/\/rawcenter.es\/?page_id=1287\" \/>\n<meta property=\"og:locale\" content=\"es_ES\" \/>\n<meta property=\"og:type\" content=\"article\" \/>\n<meta property=\"og:title\" content=\"Nutrici\u00f3n - RAW CENTER\" \/>\n<meta property=\"og:description\" content=\"Nutrici\u00f3n y alimentaci\u00f3n saludable El objetivo es encontrar e identificar vuestras necesidades para poder llevar a cabo un plan totalmente personalizado y adaptado. Durante el proceso queremos evitar las prohibiciones, restricciones y sensaci\u00f3n de presi\u00f3n que suelen generar las t\u00edpicas dietas.\u00a0 En Raw Center trabajamos desde la educaci\u00f3n nutricional hacia los objetivos de cada persona. &hellip; Nutrici\u00f3n Leer m\u00e1s &raquo;\" \/>\n<meta property=\"og:url\" content=\"https:\/\/rawcenter.es\/?page_id=1287\" \/>\n<meta property=\"og:site_name\" content=\"RAW CENTER\" \/>\n<meta property=\"article:modified_time\" content=\"2023-10-17T08:38:56+00:00\" \/>\n<meta property=\"og:image\" content=\"http:\/\/rawcenter.es\/wp-content\/uploads\/2022\/11\/IMG_2157-scaled.jpg\" \/>\n<meta name=\"twitter:card\" content=\"summary_large_image\" \/>\n<meta name=\"twitter:label1\" content=\"Tiempo de lectura\" \/>\n\t<meta name=\"twitter:data1\" content=\"2 minutos\" \/>\n<script type=\"application\/ld+json\" class=\"yoast-schema-graph\">{\"@context\":\"https:\/\/schema.org\",\"@graph\":[{\"@type\":\"WebPage\",\"@id\":\"https:\/\/rawcenter.es\/?page_id=1287\",\"url\":\"https:\/\/rawcenter.es\/?page_id=1287\",\"name\":\"Nutrici\u00f3n - RAW CENTER\",\"isPartOf\":{\"@id\":\"https:\/\/rawcenter.es\/#website\"},\"datePublished\":\"2022-11-17T11:49:12+00:00\",\"dateModified\":\"2023-10-17T08:38:56+00:00\",\"breadcrumb\":{\"@id\":\"https:\/\/rawcenter.es\/?page_id=1287#breadcrumb\"},\"inLanguage\":\"es\",\"potentialAction\":[{\"@type\":\"ReadAction\",\"target\":[\"https:\/\/rawcenter.es\/?page_id=1287\"]}]},{\"@type\":\"BreadcrumbList\",\"@id\":\"https:\/\/rawcenter.es\/?page_id=1287#breadcrumb\",\"itemListElement\":[{\"@type\":\"ListItem\",\"position\":1,\"name\":\"Portada\",\"item\":\"https:\/\/rawcenter.es\/\"},{\"@type\":\"ListItem\",\"position\":2,\"name\":\"Nutrici\u00f3n\"}]},{\"@type\":\"WebSite\",\"@id\":\"https:\/\/rawcenter.es\/#website\",\"url\":\"https:\/\/rawcenter.es\/\",\"name\":\"RAW CENTER\",\"description\":\"CENTRO DE ENTRENAMIENTO Y NUTRICI\u00d3N\",\"publisher\":{\"@id\":\"https:\/\/rawcenter.es\/#organization\"},\"potentialAction\":[{\"@type\":\"SearchAction\",\"target\":{\"@type\":\"EntryPoint\",\"urlTemplate\":\"https:\/\/rawcenter.es\/?s={search_term_string}\"},\"query-input\":\"required name=search_term_string\"}],\"inLanguage\":\"es\"},{\"@type\":\"Organization\",\"@id\":\"https:\/\/rawcenter.es\/#organization\",\"name\":\"RAW CENTER\",\"url\":\"https:\/\/rawcenter.es\/\",\"logo\":{\"@type\":\"ImageObject\",\"inLanguage\":\"es\",\"@id\":\"https:\/\/rawcenter.es\/#\/schema\/logo\/image\/\",\"url\":\"https:\/\/rawcenter.es\/wp-content\/uploads\/2022\/11\/00-RAW-CENTER-circular-1.png\",\"contentUrl\":\"https:\/\/rawcenter.es\/wp-content\/uploads\/2022\/11\/00-RAW-CENTER-circular-1.png\",\"width\":1920,\"height\":1920,\"caption\":\"RAW CENTER\"},\"image\":{\"@id\":\"https:\/\/rawcenter.es\/#\/schema\/logo\/image\/\"}}]}<\/script>\n<!-- \/ Yoast SEO plugin. -->","yoast_head_json":{"title":"Nutrici\u00f3n - RAW CENTER","robots":{"index":"index","follow":"follow","max-snippet":"max-snippet:-1","max-image-preview":"max-image-preview:large","max-video-preview":"max-video-preview:-1"},"canonical":"https:\/\/rawcenter.es\/?page_id=1287","og_locale":"es_ES","og_type":"article","og_title":"Nutrici\u00f3n - RAW CENTER","og_description":"Nutrici\u00f3n y alimentaci\u00f3n saludable El objetivo es encontrar e identificar vuestras necesidades para poder llevar a cabo un plan totalmente personalizado y adaptado. Durante el proceso queremos evitar las prohibiciones, restricciones y sensaci\u00f3n de presi\u00f3n que suelen generar las t\u00edpicas dietas.\u00a0 En Raw Center trabajamos desde la educaci\u00f3n nutricional hacia los objetivos de cada persona. &hellip; Nutrici\u00f3n Leer m\u00e1s &raquo;","og_url":"https:\/\/rawcenter.es\/?page_id=1287","og_site_name":"RAW CENTER","article_modified_time":"2023-10-17T08:38:56+00:00","og_image":[{"url":"http:\/\/rawcenter.es\/wp-content\/uploads\/2022\/11\/IMG_2157-scaled.jpg"}],"twitter_card":"summary_large_image","twitter_misc":{"Tiempo de lectura":"2 minutos"},"schema":{"@context":"https:\/\/schema.org","@graph":[{"@type":"WebPage","@id":"https:\/\/rawcenter.es\/?page_id=1287","url":"https:\/\/rawcenter.es\/?page_id=1287","name":"Nutrici\u00f3n - RAW CENTER","isPartOf":{"@id":"https:\/\/rawcenter.es\/#website"},"datePublished":"2022-11-17T11:49:12+00:00","dateModified":"2023-10-17T08:38:56+00:00","breadcrumb":{"@id":"https:\/\/rawcenter.es\/?page_id=1287#breadcrumb"},"inLanguage":"es","potentialAction":[{"@type":"ReadAction","target":["https:\/\/rawcenter.es\/?page_id=1287"]}]},{"@type":"BreadcrumbList","@id":"https:\/\/rawcenter.es\/?page_id=1287#breadcrumb","itemListElement":[{"@type":"ListItem","position":1,"name":"Portada","item":"https:\/\/rawcenter.es\/"},{"@type":"ListItem","position":2,"name":"Nutrici\u00f3n"}]},{"@type":"WebSite","@id":"https:\/\/rawcenter.es\/#website","url":"https:\/\/rawcenter.es\/","name":"RAW CENTER","description":"CENTRO DE ENTRENAMIENTO Y NUTRICI\u00d3N","publisher":{"@id":"https:\/\/rawcenter.es\/#organization"},"potentialAction":[{"@type":"SearchAction","target":{"@type":"EntryPoint","urlTemplate":"https:\/\/rawcenter.es\/?s={search_term_string}"},"query-input":"required name=search_term_string"}],"inLanguage":"es"},{"@type":"Organization","@id":"https:\/\/rawcenter.es\/#organization","name":"RAW CENTER","url":"https:\/\/rawcenter.es\/","logo":{"@type":"ImageObject","inLanguage":"es","@id":"https:\/\/rawcenter.es\/#\/schema\/logo\/image\/","url":"https:\/\/rawcenter.es\/wp-content\/uploads\/2022\/11\/00-RAW-CENTER-circular-1.png","contentUrl":"https:\/\/rawcenter.es\/wp-content\/uploads\/2022\/11\/00-RAW-CENTER-circular-1.png","width":1920,"height":1920,"caption":"RAW CENTER"},"image":{"@id":"https:\/\/rawcenter.es\/#\/schema\/logo\/image\/"}}]}},"_links":{"self":[{"href":"https:\/\/rawcenter.es\/index.php?rest_route=\/wp\/v2\/pages\/1287"}],"collection":[{"href":"https:\/\/rawcenter.es\/index.php?rest_route=\/wp\/v2\/pages"}],"about":[{"href":"https:\/\/rawcenter.es\/index.php?rest_route=\/wp\/v2\/types\/page"}],"author":[{"embeddable":true,"href":"https:\/\/rawcenter.es\/index.php?rest_route=\/wp\/v2\/users\/1"}],"replies":[{"embeddable":true,"href":"https:\/\/rawcenter.es\/index.php?rest_route=%2Fwp%2Fv2%2Fcomments&post=1287"}],"version-history":[{"count":58,"href":"https:\/\/rawcenter.es\/index.php?rest_route=\/wp\/v2\/pages\/1287\/revisions"}],"predecessor-version":[{"id":1782,"href":"https:\/\/rawcenter.es\/index.php?rest_route=\/wp\/v2\/pages\/1287\/revisions\/1782"}],"wp:attachment":[{"href":"https:\/\/rawcenter.es\/index.php?rest_route=%2Fwp%2Fv2%2Fmedia&parent=1287"}],"curies":[{"name":"wp","href":"https:\/\/api.w.org\/{rel}","templated":true}]}}