{"id":1324,"date":"2022-11-21T10:18:32","date_gmt":"2022-11-21T10:18:32","guid":{"rendered":"https:\/\/rawcenter.es\/?page_id=1324"},"modified":"2023-10-17T10:58:59","modified_gmt":"2023-10-17T10:58:59","slug":"asesorias-online","status":"publish","type":"page","link":"https:\/\/rawcenter.es\/?page_id=1324","title":{"rendered":"Asesor\u00edas online"},"content":{"rendered":"\t\t<div data-elementor-type=\"wp-page\" data-elementor-id=\"1324\" class=\"elementor elementor-1324\">\n\t\t\t\t\t\t\t\t\t<section class=\"elementor-section elementor-top-section elementor-element elementor-element-8864a29 elementor-section-boxed elementor-section-height-default elementor-section-height-default\" data-id=\"8864a29\" data-element_type=\"section\">\n\t\t\t\t\t\t<div class=\"elementor-container elementor-column-gap-default\">\n\t\t\t\t\t<div class=\"elementor-column elementor-col-33 elementor-top-column elementor-element elementor-element-4241b57\" data-id=\"4241b57\" data-element_type=\"column\">\n\t\t\t<div class=\"elementor-widget-wrap elementor-element-populated\">\n\t\t\t\t\t\t\t\t<div class=\"elementor-element elementor-element-065306a elementor-widget elementor-widget-image\" data-id=\"065306a\" data-element_type=\"widget\" data-widget_type=\"image.default\">\n\t\t\t\t<div class=\"elementor-widget-container\">\n\t\t\t<style>\/*! elementor - v3.8.0 - 30-10-2022 *\/\n.elementor-widget-image{text-align:center}.elementor-widget-image a{display:inline-block}.elementor-widget-image a img[src$=\".svg\"]{width:48px}.elementor-widget-image img{vertical-align:middle;display:inline-block}<\/style>\t\t\t\t\t\t\t\t\t\t\t\t<img width=\"768\" height=\"1024\" src=\"https:\/\/rawcenter.es\/wp-content\/uploads\/2023\/10\/IMG_3815-768x1024.jpg\" class=\"attachment-large size-large\" alt=\"\" loading=\"lazy\" srcset=\"https:\/\/rawcenter.es\/wp-content\/uploads\/2023\/10\/IMG_3815-768x1024.jpg 768w, https:\/\/rawcenter.es\/wp-content\/uploads\/2023\/10\/IMG_3815-225x300.jpg 225w, https:\/\/rawcenter.es\/wp-content\/uploads\/2023\/10\/IMG_3815-1152x1536.jpg 1152w, https:\/\/rawcenter.es\/wp-content\/uploads\/2023\/10\/IMG_3815-1536x2048.jpg 1536w, https:\/\/rawcenter.es\/wp-content\/uploads\/2023\/10\/IMG_3815-scaled.jpg 1920w\" sizes=\"(max-width: 768px) 100vw, 768px\" \/>\t\t\t\t\t\t\t\t\t\t\t\t\t\t\t<\/div>\n\t\t\t\t<\/div>\n\t\t\t\t\t<\/div>\n\t\t<\/div>\n\t\t\t\t<div class=\"elementor-column elementor-col-66 elementor-top-column elementor-element elementor-element-9dd4534\" data-id=\"9dd4534\" data-element_type=\"column\">\n\t\t\t<div class=\"elementor-widget-wrap elementor-element-populated\">\n\t\t\t\t\t\t\t\t<div class=\"elementor-element elementor-element-1655465 elementor-widget elementor-widget-heading\" data-id=\"1655465\" data-element_type=\"widget\" data-widget_type=\"heading.default\">\n\t\t\t\t<div class=\"elementor-widget-container\">\n\t\t\t<style>\/*! elementor - v3.8.0 - 30-10-2022 *\/\n.elementor-heading-title{padding:0;margin:0;line-height:1}.elementor-widget-heading .elementor-heading-title[class*=elementor-size-]>a{color:inherit;font-size:inherit;line-height:inherit}.elementor-widget-heading .elementor-heading-title.elementor-size-small{font-size:15px}.elementor-widget-heading .elementor-heading-title.elementor-size-medium{font-size:19px}.elementor-widget-heading .elementor-heading-title.elementor-size-large{font-size:29px}.elementor-widget-heading .elementor-heading-title.elementor-size-xl{font-size:39px}.elementor-widget-heading .elementor-heading-title.elementor-size-xxl{font-size:59px}<\/style><h2 class=\"elementor-heading-title elementor-size-default\">FISIOTERAPIA Y OSTEOPATIA<\/h2>\t\t<\/div>\n\t\t\t\t<\/div>\n\t\t\t\t<div class=\"elementor-element elementor-element-182d6f5 elementor-widget elementor-widget-text-editor\" data-id=\"182d6f5\" data-element_type=\"widget\" data-widget_type=\"text-editor.default\">\n\t\t\t\t<div class=\"elementor-widget-container\">\n\t\t\t<style>\/*! elementor - v3.8.0 - 30-10-2022 *\/\n.elementor-widget-text-editor.elementor-drop-cap-view-stacked .elementor-drop-cap{background-color:#818a91;color:#fff}.elementor-widget-text-editor.elementor-drop-cap-view-framed .elementor-drop-cap{color:#818a91;border:3px solid;background-color:transparent}.elementor-widget-text-editor:not(.elementor-drop-cap-view-default) .elementor-drop-cap{margin-top:8px}.elementor-widget-text-editor:not(.elementor-drop-cap-view-default) .elementor-drop-cap-letter{width:1em;height:1em}.elementor-widget-text-editor .elementor-drop-cap{float:left;text-align:center;line-height:1;font-size:50px}.elementor-widget-text-editor .elementor-drop-cap-letter{display:inline-block}<\/style>\t\t\t\t<p class=\"normal\"><span lang=\"es\"><b>El responsable de este nuevo servicio e<\/b><\/span><span lang=\"es\"><b>s graduado en Fisioterapia, se ha especializado en Osteopat\u00eda y Terapia Manual por la UCAM, y en t\u00e9cnicas invasivas. <\/b><\/span><\/p>\n<p class=\"normal\"><span lang=\"es\"><b>Tiene experiencia en el tratamiento de patolog\u00edas deportivas. <\/b><\/span><\/p>\n<p class=\"normal\"><span lang=\"es\">&nbsp;<\/span><\/p>\t\t\t\t\t\t<\/div>\n\t\t\t\t<\/div>\n\t\t\t\t\t<\/div>\n\t\t<\/div>\n\t\t\t\t\t\t\t<\/div>\n\t\t<\/section>\n\t\t\t\t<section class=\"elementor-section elementor-top-section elementor-element elementor-element-12777adc elementor-section-content-middle elementor-section-boxed elementor-section-height-default elementor-section-height-default\" data-id=\"12777adc\" data-element_type=\"section\">\n\t\t\t\t\t\t<div class=\"elementor-container elementor-column-gap-no\">\n\t\t\t\t\t<div class=\"elementor-column elementor-col-50 elementor-top-column elementor-element elementor-element-43e05fa7\" data-id=\"43e05fa7\" data-element_type=\"column\">\n\t\t\t<div class=\"elementor-widget-wrap elementor-element-populated\">\n\t\t\t\t\t\t\t\t<div class=\"elementor-element elementor-element-7d493b02 elementor-position-left elementor-view-framed elementor-shape-circle elementor-mobile-position-top elementor-vertical-align-top elementor-widget elementor-widget-icon-box\" data-id=\"7d493b02\" data-element_type=\"widget\" data-widget_type=\"icon-box.default\">\n\t\t\t\t<div class=\"elementor-widget-container\">\n\t\t\t<link rel=\"stylesheet\" href=\"https:\/\/rawcenter.es\/wp-content\/plugins\/elementor\/assets\/css\/widget-icon-box.min.css\">\t\t<div class=\"elementor-icon-box-wrapper\">\n\t\t\t\t\t\t<div class=\"elementor-icon-box-icon\">\n\t\t\t\t<span class=\"elementor-icon elementor-animation-\" >\n\t\t\t\t<i aria-hidden=\"true\" class=\"fas fa-star\"><\/i>\t\t\t\t<\/span>\n\t\t\t<\/div>\n\t\t\t\t\t\t<div class=\"elementor-icon-box-content\">\n\t\t\t\t<h3 class=\"elementor-icon-box-title\">\n\t\t\t\t\t<span  >\n\t\t\t\t\t\tLESIONES MUSCULARES, Ligamentosas y articulares\t\t\t\t\t<\/span>\n\t\t\t\t<\/h3>\n\t\t\t\t\t\t\t<\/div>\n\t\t<\/div>\n\t\t\t\t<\/div>\n\t\t\t\t<\/div>\n\t\t\t\t<div class=\"elementor-element elementor-element-17c1b2d4 elementor-position-left elementor-view-framed elementor-shape-circle elementor-mobile-position-top elementor-vertical-align-top elementor-widget elementor-widget-icon-box\" data-id=\"17c1b2d4\" data-element_type=\"widget\" data-widget_type=\"icon-box.default\">\n\t\t\t\t<div class=\"elementor-widget-container\">\n\t\t\t\t\t<div class=\"elementor-icon-box-wrapper\">\n\t\t\t\t\t\t<div class=\"elementor-icon-box-icon\">\n\t\t\t\t<span class=\"elementor-icon elementor-animation-\" >\n\t\t\t\t<i aria-hidden=\"true\" class=\"fas fa-star\"><\/i>\t\t\t\t<\/span>\n\t\t\t<\/div>\n\t\t\t\t\t\t<div class=\"elementor-icon-box-content\">\n\t\t\t\t<h3 class=\"elementor-icon-box-title\">\n\t\t\t\t\t<span  >\n\t\t\t\t\t\tREHABILITACI\u00d3N DE FRACTURAS Y FISURAS\t\t\t\t\t<\/span>\n\t\t\t\t<\/h3>\n\t\t\t\t\t\t\t<\/div>\n\t\t<\/div>\n\t\t\t\t<\/div>\n\t\t\t\t<\/div>\n\t\t\t\t<div class=\"elementor-element elementor-element-7a082a4e elementor-position-left elementor-view-framed elementor-shape-circle elementor-mobile-position-top elementor-vertical-align-top elementor-widget elementor-widget-icon-box\" data-id=\"7a082a4e\" data-element_type=\"widget\" data-widget_type=\"icon-box.default\">\n\t\t\t\t<div class=\"elementor-widget-container\">\n\t\t\t\t\t<div class=\"elementor-icon-box-wrapper\">\n\t\t\t\t\t\t<div class=\"elementor-icon-box-icon\">\n\t\t\t\t<span class=\"elementor-icon elementor-animation-\" >\n\t\t\t\t<i aria-hidden=\"true\" class=\"fas fa-star\"><\/i>\t\t\t\t<\/span>\n\t\t\t<\/div>\n\t\t\t\t\t\t<div class=\"elementor-icon-box-content\">\n\t\t\t\t<h3 class=\"elementor-icon-box-title\">\n\t\t\t\t\t<span  >\n\t\t\t\t\t\tPATOLOG\u00cdA DE LA COLUMNA VERTEBRAL Y DE LA ATM (BRUXISMO)\t\t\t\t\t<\/span>\n\t\t\t\t<\/h3>\n\t\t\t\t\t\t\t<\/div>\n\t\t<\/div>\n\t\t\t\t<\/div>\n\t\t\t\t<\/div>\n\t\t\t\t<div class=\"elementor-element elementor-element-24251fd5 elementor-position-left elementor-view-framed elementor-shape-circle elementor-mobile-position-top elementor-vertical-align-top elementor-widget elementor-widget-icon-box\" data-id=\"24251fd5\" data-element_type=\"widget\" data-widget_type=\"icon-box.default\">\n\t\t\t\t<div class=\"elementor-widget-container\">\n\t\t\t\t\t<div class=\"elementor-icon-box-wrapper\">\n\t\t\t\t\t\t<div class=\"elementor-icon-box-icon\">\n\t\t\t\t<span class=\"elementor-icon elementor-animation-\" >\n\t\t\t\t<i aria-hidden=\"true\" class=\"fas fa-star\"><\/i>\t\t\t\t<\/span>\n\t\t\t<\/div>\n\t\t\t\t\t\t<div class=\"elementor-icon-box-content\">\n\t\t\t\t<h3 class=\"elementor-icon-box-title\">\n\t\t\t\t\t<span  >\n\t\t\t\t\t\tTENDINOPAT\u00cdAS Y NEUROPAT\u00cdAS<br>\n\t\t\t\t\t<\/span>\n\t\t\t\t<\/h3>\n\t\t\t\t\t\t\t<\/div>\n\t\t<\/div>\n\t\t\t\t<\/div>\n\t\t\t\t<\/div>\n\t\t\t\t\t<\/div>\n\t\t<\/div>\n\t\t\t\t<div class=\"elementor-column elementor-col-50 elementor-top-column elementor-element elementor-element-7b98262e\" data-id=\"7b98262e\" data-element_type=\"column\">\n\t\t\t<div class=\"elementor-widget-wrap elementor-element-populated\">\n\t\t\t\t\t\t\t\t<div class=\"elementor-element elementor-element-6e386d5c elementor-widget elementor-widget-image\" data-id=\"6e386d5c\" data-element_type=\"widget\" data-widget_type=\"image.default\">\n\t\t\t\t<div class=\"elementor-widget-container\">\n\t\t\t\t\t\t\t\t\t\t\t\t\t\t\t<img width=\"1920\" height=\"2560\" src=\"https:\/\/rawcenter.es\/wp-content\/uploads\/2023\/10\/IMG_3842-scaled.jpg\" class=\"attachment-full size-full\" alt=\"\" loading=\"lazy\" srcset=\"https:\/\/rawcenter.es\/wp-content\/uploads\/2023\/10\/IMG_3842-scaled.jpg 1920w, https:\/\/rawcenter.es\/wp-content\/uploads\/2023\/10\/IMG_3842-225x300.jpg 225w, https:\/\/rawcenter.es\/wp-content\/uploads\/2023\/10\/IMG_3842-768x1024.jpg 768w, https:\/\/rawcenter.es\/wp-content\/uploads\/2023\/10\/IMG_3842-1152x1536.jpg 1152w, https:\/\/rawcenter.es\/wp-content\/uploads\/2023\/10\/IMG_3842-1536x2048.jpg 1536w\" sizes=\"(max-width: 1920px) 100vw, 1920px\" \/>\t\t\t\t\t\t\t\t\t\t\t\t\t\t\t<\/div>\n\t\t\t\t<\/div>\n\t\t\t\t\t<\/div>\n\t\t<\/div>\n\t\t\t\t\t\t\t<\/div>\n\t\t<\/section>\n\t\t\t\t\t\t\t<\/div>\n\t\t","protected":false},"excerpt":{"rendered":"<p>FISIOTERAPIA Y OSTEOPATIA El responsable de este nuevo servicio es graduado en Fisioterapia, se ha especializado en Osteopat\u00eda y Terapia Manual por la UCAM, y en t\u00e9cnicas invasivas. Tiene experiencia en el tratamiento de patolog\u00edas deportivas. &nbsp; LESIONES MUSCULARES, Ligamentosas y articulares REHABILITACI\u00d3N DE FRACTURAS Y FISURAS PATOLOG\u00cdA DE LA COLUMNA VERTEBRAL Y DE LA &hellip;<\/p>\n<p class=\"read-more\"> <a class=\"\" href=\"https:\/\/rawcenter.es\/?page_id=1324\"> <span class=\"screen-reader-text\">Asesor\u00edas online<\/span> Leer m\u00e1s &raquo;<\/a><\/p>\n","protected":false},"author":1,"featured_media":0,"parent":0,"menu_order":0,"comment_status":"closed","ping_status":"closed","template":"","meta":{"site-sidebar-layout":"no-sidebar","site-content-layout":"page-builder","ast-global-header-display":"","ast-main-header-display":"","ast-hfb-above-header-display":"","ast-hfb-below-header-display":"","ast-hfb-mobile-header-display":"","site-post-title":"disabled","ast-breadcrumbs-content":"","ast-featured-img":"disabled","footer-sml-layout":"","theme-transparent-header-meta":"","adv-header-id-meta":"","stick-header-meta":"","header-above-stick-meta":"","header-main-stick-meta":"","header-below-stick-meta":""},"yoast_head":"<!-- This site is optimized with the Yoast SEO plugin v19.13 - https:\/\/yoast.com\/wordpress\/plugins\/seo\/ -->\n<title>Asesor\u00edas online - RAW CENTER<\/title>\n<meta name=\"robots\" content=\"index, follow, max-snippet:-1, max-image-preview:large, max-video-preview:-1\" \/>\n<link rel=\"canonical\" href=\"https:\/\/rawcenter.es\/?page_id=1324\" \/>\n<meta property=\"og:locale\" content=\"es_ES\" \/>\n<meta property=\"og:type\" content=\"article\" \/>\n<meta property=\"og:title\" content=\"Asesor\u00edas online - RAW CENTER\" \/>\n<meta property=\"og:description\" content=\"FISIOTERAPIA Y OSTEOPATIA El responsable de este nuevo servicio es graduado en Fisioterapia, se ha especializado en Osteopat\u00eda y Terapia Manual por la UCAM, y en t\u00e9cnicas invasivas. Tiene experiencia en el tratamiento de patolog\u00edas deportivas. &nbsp; LESIONES MUSCULARES, Ligamentosas y articulares REHABILITACI\u00d3N DE FRACTURAS Y FISURAS PATOLOG\u00cdA DE LA COLUMNA VERTEBRAL Y DE LA &hellip; Asesor\u00edas online Leer m\u00e1s &raquo;\" \/>\n<meta property=\"og:url\" content=\"https:\/\/rawcenter.es\/?page_id=1324\" \/>\n<meta property=\"og:site_name\" content=\"RAW CENTER\" \/>\n<meta property=\"article:modified_time\" content=\"2023-10-17T10:58:59+00:00\" \/>\n<meta property=\"og:image\" content=\"http:\/\/rawcenter.es\/wp-content\/uploads\/2023\/10\/IMG_3815-768x1024.jpg\" \/>\n<meta name=\"twitter:card\" content=\"summary_large_image\" \/>\n<meta name=\"twitter:label1\" content=\"Tiempo de lectura\" \/>\n\t<meta name=\"twitter:data1\" content=\"1 minuto\" \/>\n<script type=\"application\/ld+json\" class=\"yoast-schema-graph\">{\"@context\":\"https:\/\/schema.org\",\"@graph\":[{\"@type\":\"WebPage\",\"@id\":\"https:\/\/rawcenter.es\/?page_id=1324\",\"url\":\"https:\/\/rawcenter.es\/?page_id=1324\",\"name\":\"Asesor\u00edas online - RAW CENTER\",\"isPartOf\":{\"@id\":\"https:\/\/rawcenter.es\/#website\"},\"datePublished\":\"2022-11-21T10:18:32+00:00\",\"dateModified\":\"2023-10-17T10:58:59+00:00\",\"breadcrumb\":{\"@id\":\"https:\/\/rawcenter.es\/?page_id=1324#breadcrumb\"},\"inLanguage\":\"es\",\"potentialAction\":[{\"@type\":\"ReadAction\",\"target\":[\"https:\/\/rawcenter.es\/?page_id=1324\"]}]},{\"@type\":\"BreadcrumbList\",\"@id\":\"https:\/\/rawcenter.es\/?page_id=1324#breadcrumb\",\"itemListElement\":[{\"@type\":\"ListItem\",\"position\":1,\"name\":\"Portada\",\"item\":\"https:\/\/rawcenter.es\/\"},{\"@type\":\"ListItem\",\"position\":2,\"name\":\"Asesor\u00edas online\"}]},{\"@type\":\"WebSite\",\"@id\":\"https:\/\/rawcenter.es\/#website\",\"url\":\"https:\/\/rawcenter.es\/\",\"name\":\"RAW CENTER\",\"description\":\"CENTRO DE ENTRENAMIENTO Y NUTRICI\u00d3N\",\"publisher\":{\"@id\":\"https:\/\/rawcenter.es\/#organization\"},\"potentialAction\":[{\"@type\":\"SearchAction\",\"target\":{\"@type\":\"EntryPoint\",\"urlTemplate\":\"https:\/\/rawcenter.es\/?s={search_term_string}\"},\"query-input\":\"required name=search_term_string\"}],\"inLanguage\":\"es\"},{\"@type\":\"Organization\",\"@id\":\"https:\/\/rawcenter.es\/#organization\",\"name\":\"RAW CENTER\",\"url\":\"https:\/\/rawcenter.es\/\",\"logo\":{\"@type\":\"ImageObject\",\"inLanguage\":\"es\",\"@id\":\"https:\/\/rawcenter.es\/#\/schema\/logo\/image\/\",\"url\":\"https:\/\/rawcenter.es\/wp-content\/uploads\/2022\/11\/00-RAW-CENTER-circular-1.png\",\"contentUrl\":\"https:\/\/rawcenter.es\/wp-content\/uploads\/2022\/11\/00-RAW-CENTER-circular-1.png\",\"width\":1920,\"height\":1920,\"caption\":\"RAW CENTER\"},\"image\":{\"@id\":\"https:\/\/rawcenter.es\/#\/schema\/logo\/image\/\"}}]}<\/script>\n<!-- \/ Yoast SEO plugin. -->","yoast_head_json":{"title":"Asesor\u00edas online - RAW CENTER","robots":{"index":"index","follow":"follow","max-snippet":"max-snippet:-1","max-image-preview":"max-image-preview:large","max-video-preview":"max-video-preview:-1"},"canonical":"https:\/\/rawcenter.es\/?page_id=1324","og_locale":"es_ES","og_type":"article","og_title":"Asesor\u00edas online - RAW CENTER","og_description":"FISIOTERAPIA Y OSTEOPATIA El responsable de este nuevo servicio es graduado en Fisioterapia, se ha especializado en Osteopat\u00eda y Terapia Manual por la UCAM, y en t\u00e9cnicas invasivas. Tiene experiencia en el tratamiento de patolog\u00edas deportivas. &nbsp; LESIONES MUSCULARES, Ligamentosas y articulares REHABILITACI\u00d3N DE FRACTURAS Y FISURAS PATOLOG\u00cdA DE LA COLUMNA VERTEBRAL Y DE LA &hellip; Asesor\u00edas online Leer m\u00e1s &raquo;","og_url":"https:\/\/rawcenter.es\/?page_id=1324","og_site_name":"RAW CENTER","article_modified_time":"2023-10-17T10:58:59+00:00","og_image":[{"url":"http:\/\/rawcenter.es\/wp-content\/uploads\/2023\/10\/IMG_3815-768x1024.jpg"}],"twitter_card":"summary_large_image","twitter_misc":{"Tiempo de lectura":"1 minuto"},"schema":{"@context":"https:\/\/schema.org","@graph":[{"@type":"WebPage","@id":"https:\/\/rawcenter.es\/?page_id=1324","url":"https:\/\/rawcenter.es\/?page_id=1324","name":"Asesor\u00edas online - RAW CENTER","isPartOf":{"@id":"https:\/\/rawcenter.es\/#website"},"datePublished":"2022-11-21T10:18:32+00:00","dateModified":"2023-10-17T10:58:59+00:00","breadcrumb":{"@id":"https:\/\/rawcenter.es\/?page_id=1324#breadcrumb"},"inLanguage":"es","potentialAction":[{"@type":"ReadAction","target":["https:\/\/rawcenter.es\/?page_id=1324"]}]},{"@type":"BreadcrumbList","@id":"https:\/\/rawcenter.es\/?page_id=1324#breadcrumb","itemListElement":[{"@type":"ListItem","position":1,"name":"Portada","item":"https:\/\/rawcenter.es\/"},{"@type":"ListItem","position":2,"name":"Asesor\u00edas online"}]},{"@type":"WebSite","@id":"https:\/\/rawcenter.es\/#website","url":"https:\/\/rawcenter.es\/","name":"RAW CENTER","description":"CENTRO DE ENTRENAMIENTO Y NUTRICI\u00d3N","publisher":{"@id":"https:\/\/rawcenter.es\/#organization"},"potentialAction":[{"@type":"SearchAction","target":{"@type":"EntryPoint","urlTemplate":"https:\/\/rawcenter.es\/?s={search_term_string}"},"query-input":"required name=search_term_string"}],"inLanguage":"es"},{"@type":"Organization","@id":"https:\/\/rawcenter.es\/#organization","name":"RAW CENTER","url":"https:\/\/rawcenter.es\/","logo":{"@type":"ImageObject","inLanguage":"es","@id":"https:\/\/rawcenter.es\/#\/schema\/logo\/image\/","url":"https:\/\/rawcenter.es\/wp-content\/uploads\/2022\/11\/00-RAW-CENTER-circular-1.png","contentUrl":"https:\/\/rawcenter.es\/wp-content\/uploads\/2022\/11\/00-RAW-CENTER-circular-1.png","width":1920,"height":1920,"caption":"RAW CENTER"},"image":{"@id":"https:\/\/rawcenter.es\/#\/schema\/logo\/image\/"}}]}},"_links":{"self":[{"href":"https:\/\/rawcenter.es\/index.php?rest_route=\/wp\/v2\/pages\/1324"}],"collection":[{"href":"https:\/\/rawcenter.es\/index.php?rest_route=\/wp\/v2\/pages"}],"about":[{"href":"https:\/\/rawcenter.es\/index.php?rest_route=\/wp\/v2\/types\/page"}],"author":[{"embeddable":true,"href":"https:\/\/rawcenter.es\/index.php?rest_route=\/wp\/v2\/users\/1"}],"replies":[{"embeddable":true,"href":"https:\/\/rawcenter.es\/index.php?rest_route=%2Fwp%2Fv2%2Fcomments&post=1324"}],"version-history":[{"count":31,"href":"https:\/\/rawcenter.es\/index.php?rest_route=\/wp\/v2\/pages\/1324\/revisions"}],"predecessor-version":[{"id":1797,"href":"https:\/\/rawcenter.es\/index.php?rest_route=\/wp\/v2\/pages\/1324\/revisions\/1797"}],"wp:attachment":[{"href":"https:\/\/rawcenter.es\/index.php?rest_route=%2Fwp%2Fv2%2Fmedia&parent=1324"}],"curies":[{"name":"wp","href":"https:\/\/api.w.org\/{rel}","templated":true}]}}